{"id":1086,"date":"2025-04-29T19:34:13","date_gmt":"2025-04-29T19:34:13","guid":{"rendered":"https:\/\/becomeanoptician.com\/?page_id=1086"},"modified":"2025-05-02T12:39:48","modified_gmt":"2025-05-02T12:39:48","slug":"blogue","status":"publish","type":"page","link":"https:\/\/becomeanoptician.com\/fr\/blogue\/","title":{"rendered":"Bon \u00e0 savoir"},"content":{"rendered":"<div id=\"cs-content\" class=\"cs-content\"><\/div>\n","protected":false},"excerpt":{"rendered":"<p>Tracer sa voie en optique Avr \/ 2026Une journ\u00e9e dans la vie d\u2019un opticien : au-del\u00e0 des lunettes Mar \/ 2026Comment savoir si devenir opticien est fait pour vous? F\u00e9v \/ 20263 mythes sur le m\u00e9tier d\u2019opticien et la v\u00e9rit\u00e9 derri\u00e8re Voir tous les articles Une journ\u00e9e dans la vie d\u2019un opticien : au-del\u00e0 des lunettes Comment savoir si devenir &#8230; <a href=\"https:\/\/becomeanoptician.com\/fr\/blogue\/\" class=\"more-link\">Read More<\/a><\/p>\n","protected":false},"author":2,"featured_media":0,"parent":0,"menu_order":0,"comment_status":"closed","ping_status":"closed","template":"template-blank-4.php","meta":{"footnotes":""},"class_list":["post-1086","page","type-page","status-publish","hentry","no-post-thumbnail"],"_links":{"self":[{"href":"https:\/\/becomeanoptician.com\/fr\/wp-json\/wp\/v2\/pages\/1086","targetHints":{"allow":["GET"]}}],"collection":[{"href":"https:\/\/becomeanoptician.com\/fr\/wp-json\/wp\/v2\/pages"}],"about":[{"href":"https:\/\/becomeanoptician.com\/fr\/wp-json\/wp\/v2\/types\/page"}],"author":[{"embeddable":true,"href":"https:\/\/becomeanoptician.com\/fr\/wp-json\/wp\/v2\/users\/2"}],"replies":[{"embeddable":true,"href":"https:\/\/becomeanoptician.com\/fr\/wp-json\/wp\/v2\/comments?post=1086"}],"version-history":[{"count":5,"href":"https:\/\/becomeanoptician.com\/fr\/wp-json\/wp\/v2\/pages\/1086\/revisions"}],"predecessor-version":[{"id":1178,"href":"https:\/\/becomeanoptician.com\/fr\/wp-json\/wp\/v2\/pages\/1086\/revisions\/1178"}],"wp:attachment":[{"href":"https:\/\/becomeanoptician.com\/fr\/wp-json\/wp\/v2\/media?parent=1086"}],"curies":[{"name":"wp","href":"https:\/\/api.w.org\/{rel}","templated":true}]}}