{"id":1332,"date":"2025-07-08T18:19:23","date_gmt":"2025-07-08T18:19:23","guid":{"rendered":"https:\/\/becomeanoptician.com\/?page_id=1332"},"modified":"2025-07-10T15:40:31","modified_gmt":"2025-07-10T15:40:31","slug":"pour-employeurs","status":"publish","type":"page","link":"https:\/\/becomeanoptician.com\/fr\/pour-employeurs\/","title":{"rendered":"Pour employeurs"},"content":{"rendered":"<div id=\"cs-content\" class=\"cs-content\"><\/div>\n","protected":false},"excerpt":{"rendered":"<p>Faites certifier votre employ\u00e9 gr\u00e2ce \u00e0 l\u2019ERA Valorisez vos employ\u00e9s et renforcez votre \u00e9quipe Un investissement qui rapporte Faites &eacute;voluer votre &eacute;quipe, sans repartir de z&eacute;ro Vous avez dans votre &eacute;quipe une personne exp&eacute;riment&eacute;e en vente de lunettes, en ajustements ou en service &agrave; la client&egrave;le en optique? Le processus ERA (&Eacute;valuation et Reconnaissance des Acquis) peut l&rsquo;aider &agrave; devenir &#8230; <a href=\"https:\/\/becomeanoptician.com\/fr\/pour-employeurs\/\" class=\"more-link\">Read More<\/a><\/p>\n","protected":false},"author":2,"featured_media":0,"parent":0,"menu_order":0,"comment_status":"closed","ping_status":"closed","template":"template-blank-4.php","meta":{"footnotes":""},"class_list":["post-1332","page","type-page","status-publish","hentry","no-post-thumbnail"],"_links":{"self":[{"href":"https:\/\/becomeanoptician.com\/fr\/wp-json\/wp\/v2\/pages\/1332","targetHints":{"allow":["GET"]}}],"collection":[{"href":"https:\/\/becomeanoptician.com\/fr\/wp-json\/wp\/v2\/pages"}],"about":[{"href":"https:\/\/becomeanoptician.com\/fr\/wp-json\/wp\/v2\/types\/page"}],"author":[{"embeddable":true,"href":"https:\/\/becomeanoptician.com\/fr\/wp-json\/wp\/v2\/users\/2"}],"replies":[{"embeddable":true,"href":"https:\/\/becomeanoptician.com\/fr\/wp-json\/wp\/v2\/comments?post=1332"}],"version-history":[{"count":9,"href":"https:\/\/becomeanoptician.com\/fr\/wp-json\/wp\/v2\/pages\/1332\/revisions"}],"predecessor-version":[{"id":1383,"href":"https:\/\/becomeanoptician.com\/fr\/wp-json\/wp\/v2\/pages\/1332\/revisions\/1383"}],"wp:attachment":[{"href":"https:\/\/becomeanoptician.com\/fr\/wp-json\/wp\/v2\/media?parent=1332"}],"curies":[{"name":"wp","href":"https:\/\/api.w.org\/{rel}","templated":true}]}}