{"id":753,"date":"2023-06-13T18:36:25","date_gmt":"2023-06-13T18:36:25","guid":{"rendered":"https:\/\/becomeanoptician.com\/eraf\/"},"modified":"2025-02-12T15:09:32","modified_gmt":"2025-02-12T15:09:32","slug":"eraf","status":"publish","type":"page","link":"https:\/\/becomeanoptician.com\/fr\/eraf\/","title":{"rendered":"ERAF"},"content":{"rendered":"<div id=\"cs-content\" class=\"cs-content\"><\/div>\n","protected":false},"excerpt":{"rendered":"<p>\u00c9valuation et reconnaissance des acquis Qu&rsquo;est-ce que la RA ?Pas \u00e0 pasExemple de quizAuto-\u00e9valuationBienvenue au Canada Si vous avez de l&rsquo;exp\u00e9rience dans le domaine de l&rsquo;optique ou des soins de sant\u00e9, vous pouvez devenir opticien par le biais de la RA pour devenir opticien. PLAR est l&rsquo;abr\u00e9viation de P rior L ement A ssessessment and R Il s&rsquo;agit d&rsquo;une proc\u00e9dure &#8230; <a href=\"https:\/\/becomeanoptician.com\/fr\/eraf\/\" class=\"more-link\">Read More<\/a><\/p>\n","protected":false},"author":1,"featured_media":0,"parent":0,"menu_order":0,"comment_status":"closed","ping_status":"closed","template":"template-blank-4.php","meta":{"footnotes":""},"class_list":["post-753","page","type-page","status-publish","hentry","no-post-thumbnail"],"_links":{"self":[{"href":"https:\/\/becomeanoptician.com\/fr\/wp-json\/wp\/v2\/pages\/753","targetHints":{"allow":["GET"]}}],"collection":[{"href":"https:\/\/becomeanoptician.com\/fr\/wp-json\/wp\/v2\/pages"}],"about":[{"href":"https:\/\/becomeanoptician.com\/fr\/wp-json\/wp\/v2\/types\/page"}],"author":[{"embeddable":true,"href":"https:\/\/becomeanoptician.com\/fr\/wp-json\/wp\/v2\/users\/1"}],"replies":[{"embeddable":true,"href":"https:\/\/becomeanoptician.com\/fr\/wp-json\/wp\/v2\/comments?post=753"}],"version-history":[{"count":23,"href":"https:\/\/becomeanoptician.com\/fr\/wp-json\/wp\/v2\/pages\/753\/revisions"}],"predecessor-version":[{"id":996,"href":"https:\/\/becomeanoptician.com\/fr\/wp-json\/wp\/v2\/pages\/753\/revisions\/996"}],"wp:attachment":[{"href":"https:\/\/becomeanoptician.com\/fr\/wp-json\/wp\/v2\/media?parent=753"}],"curies":[{"name":"wp","href":"https:\/\/api.w.org\/{rel}","templated":true}]}}