{"id":755,"date":"2023-06-13T18:32:13","date_gmt":"2023-06-13T18:32:13","guid":{"rendered":"https:\/\/becomeanoptician.com\/examens-nationaux\/"},"modified":"2023-12-06T20:07:16","modified_gmt":"2023-12-06T20:07:16","slug":"examens-nationaux","status":"publish","type":"page","link":"https:\/\/becomeanoptician.com\/fr\/examens-nationaux\/","title":{"rendered":"Examens nationaux"},"content":{"rendered":"<div id=\"cs-content\" class=\"cs-content\"><\/div>\n","protected":false},"excerpt":{"rendered":"<p>EXAMENS NATIONAUX DE SCIENCES OPTIQUES Examens nationauxEXAMENS NATIONAUX EN SCIENCES OPTIQUES Les examens nationaux en sciences optiques sont des examens pratiques et sont souvent appel\u00e9s examens NACOR car ils sont administr\u00e9s par la National Alliance of Canadian Optician Regulators(NACOR). Les examens nationaux sont utilis\u00e9s par toutes les provinces du Canada, \u00e0 l&rsquo;exception du Qu\u00e9bec. Les examens sont intitul\u00e9s \u00ab\u00a0Sciences optiques &#8230; <a href=\"https:\/\/becomeanoptician.com\/fr\/examens-nationaux\/\" class=\"more-link\">Read More<\/a><\/p>\n","protected":false},"author":1,"featured_media":0,"parent":0,"menu_order":0,"comment_status":"closed","ping_status":"closed","template":"template-blank-4.php","meta":{"footnotes":""},"class_list":["post-755","page","type-page","status-publish","hentry","no-post-thumbnail"],"_links":{"self":[{"href":"https:\/\/becomeanoptician.com\/fr\/wp-json\/wp\/v2\/pages\/755","targetHints":{"allow":["GET"]}}],"collection":[{"href":"https:\/\/becomeanoptician.com\/fr\/wp-json\/wp\/v2\/pages"}],"about":[{"href":"https:\/\/becomeanoptician.com\/fr\/wp-json\/wp\/v2\/types\/page"}],"author":[{"embeddable":true,"href":"https:\/\/becomeanoptician.com\/fr\/wp-json\/wp\/v2\/users\/1"}],"replies":[{"embeddable":true,"href":"https:\/\/becomeanoptician.com\/fr\/wp-json\/wp\/v2\/comments?post=755"}],"version-history":[{"count":11,"href":"https:\/\/becomeanoptician.com\/fr\/wp-json\/wp\/v2\/pages\/755\/revisions"}],"predecessor-version":[{"id":852,"href":"https:\/\/becomeanoptician.com\/fr\/wp-json\/wp\/v2\/pages\/755\/revisions\/852"}],"wp:attachment":[{"href":"https:\/\/becomeanoptician.com\/fr\/wp-json\/wp\/v2\/media?parent=755"}],"curies":[{"name":"wp","href":"https:\/\/api.w.org\/{rel}","templated":true}]}}