{"id":757,"date":"2023-08-01T18:01:58","date_gmt":"2023-08-01T18:01:58","guid":{"rendered":"https:\/\/becomeanoptician.com\/auto-evaluation-des-connaissances-lunettes\/"},"modified":"2024-03-15T12:30:38","modified_gmt":"2024-03-15T12:30:38","slug":"auto-evaluation-des-connaissances-lunettes","status":"publish","type":"page","link":"https:\/\/becomeanoptician.com\/fr\/auto-evaluation-des-connaissances-lunettes\/","title":{"rendered":"Auto-\u00e9valuation des connaissances : Lunettes"},"content":{"rendered":"<div id=\"cs-content\" class=\"cs-content\"><\/div>\n","protected":false},"excerpt":{"rendered":"<p>Auto-\u00e9valuation des connaissances Lunettes 1Page 12Page 23Page 34Page 45Page 56Page 6 1) Quel est le moyen le plus efficace pour un opticien d&#039;emp\u00eacher la propagation de l&#039;infection dans le dispensaire ?(N\u00e9cessaire) R : Nettoyez tous les cadres avec de l&rsquo;eau de Javel non dilu\u00e9e. B : Nettoyer chaque semaine tous les \u00e9quipements avec une solution d&rsquo;alcool \u00e0 70 %. C &#8230; <a href=\"https:\/\/becomeanoptician.com\/fr\/auto-evaluation-des-connaissances-lunettes\/\" class=\"more-link\">Read More<\/a><\/p>\n","protected":false},"author":1,"featured_media":0,"parent":0,"menu_order":0,"comment_status":"closed","ping_status":"closed","template":"","meta":{"footnotes":""},"class_list":["post-757","page","type-page","status-publish","hentry","no-post-thumbnail"],"_links":{"self":[{"href":"https:\/\/becomeanoptician.com\/fr\/wp-json\/wp\/v2\/pages\/757","targetHints":{"allow":["GET"]}}],"collection":[{"href":"https:\/\/becomeanoptician.com\/fr\/wp-json\/wp\/v2\/pages"}],"about":[{"href":"https:\/\/becomeanoptician.com\/fr\/wp-json\/wp\/v2\/types\/page"}],"author":[{"embeddable":true,"href":"https:\/\/becomeanoptician.com\/fr\/wp-json\/wp\/v2\/users\/1"}],"replies":[{"embeddable":true,"href":"https:\/\/becomeanoptician.com\/fr\/wp-json\/wp\/v2\/comments?post=757"}],"version-history":[{"count":4,"href":"https:\/\/becomeanoptician.com\/fr\/wp-json\/wp\/v2\/pages\/757\/revisions"}],"predecessor-version":[{"id":924,"href":"https:\/\/becomeanoptician.com\/fr\/wp-json\/wp\/v2\/pages\/757\/revisions\/924"}],"wp:attachment":[{"href":"https:\/\/becomeanoptician.com\/fr\/wp-json\/wp\/v2\/media?parent=757"}],"curies":[{"name":"wp","href":"https:\/\/api.w.org\/{rel}","templated":true}]}}