{"id":760,"date":"2023-06-13T18:31:07","date_gmt":"2023-06-13T18:31:07","guid":{"rendered":"https:\/\/becomeanoptician.com\/devenir-opticien\/"},"modified":"2025-05-20T15:47:01","modified_gmt":"2025-05-20T15:47:01","slug":"devenir-opticien","status":"publish","type":"page","link":"https:\/\/becomeanoptician.com\/fr\/devenir-opticien\/","title":{"rendered":"Devenir opticien"},"content":{"rendered":"<div id=\"cs-content\" class=\"cs-content\"><\/div>\n","protected":false},"excerpt":{"rendered":"<p>DEVENIR OPTICIEN QUE FONT LES OPTICIENS ?L&rsquo;\u00c9DUCATION ET LA FORMATION DES OPTICIENSPROFESSION DE SANT\u00c9 R\u00c9GLEMENT\u00c9EQUE FONT LES OPTICIENS ? Les opticiens promeuvent la sant\u00e9 oculaire et travaillent avec le public et d&rsquo;autres professionnels de la sant\u00e9 optique pour donner aux patients la meilleure vision possible. Ils \u00e9valuent les exigences du mode de vie, telles que les loisirs et la profession, &#8230; <a href=\"https:\/\/becomeanoptician.com\/fr\/devenir-opticien\/\" class=\"more-link\">Read More<\/a><\/p>\n","protected":false},"author":1,"featured_media":0,"parent":0,"menu_order":0,"comment_status":"closed","ping_status":"closed","template":"template-blank-4.php","meta":{"footnotes":""},"class_list":["post-760","page","type-page","status-publish","hentry","no-post-thumbnail"],"_links":{"self":[{"href":"https:\/\/becomeanoptician.com\/fr\/wp-json\/wp\/v2\/pages\/760","targetHints":{"allow":["GET"]}}],"collection":[{"href":"https:\/\/becomeanoptician.com\/fr\/wp-json\/wp\/v2\/pages"}],"about":[{"href":"https:\/\/becomeanoptician.com\/fr\/wp-json\/wp\/v2\/types\/page"}],"author":[{"embeddable":true,"href":"https:\/\/becomeanoptician.com\/fr\/wp-json\/wp\/v2\/users\/1"}],"replies":[{"embeddable":true,"href":"https:\/\/becomeanoptician.com\/fr\/wp-json\/wp\/v2\/comments?post=760"}],"version-history":[{"count":20,"href":"https:\/\/becomeanoptician.com\/fr\/wp-json\/wp\/v2\/pages\/760\/revisions"}],"predecessor-version":[{"id":1243,"href":"https:\/\/becomeanoptician.com\/fr\/wp-json\/wp\/v2\/pages\/760\/revisions\/1243"}],"wp:attachment":[{"href":"https:\/\/becomeanoptician.com\/fr\/wp-json\/wp\/v2\/media?parent=760"}],"curies":[{"name":"wp","href":"https:\/\/api.w.org\/{rel}","templated":true}]}}