{"id":765,"date":"2023-06-13T16:05:30","date_gmt":"2023-06-13T16:05:30","guid":{"rendered":"https:\/\/becomeanoptician.com\/page-daccueil\/"},"modified":"2024-04-24T18:46:55","modified_gmt":"2024-04-24T18:46:55","slug":"page-daccueil","status":"publish","type":"page","link":"https:\/\/becomeanoptician.com\/fr\/","title":{"rendered":"page d&rsquo;accueil"},"content":{"rendered":"<div id=\"cs-content\" class=\"cs-content\"><\/div>\n","protected":false},"excerpt":{"rendered":"<p>QU&rsquo;EST-CE QU&rsquo;UN OPTICIEN ? L&rsquo;opticien, c&rsquo;est le service \u00e0 la client\u00e8le, les soins de sant\u00e9 et la mode en un seul et m\u00eame endroit ! Les opticiens sont des professionnels de sant\u00e9 de premi\u00e8re ligne et sont souvent le premier point de contact avec le public. En collaborant avec d&rsquo;autres professionnels de la sant\u00e9 dans le cercle des soins, les &#8230; <a href=\"https:\/\/becomeanoptician.com\/fr\/\" class=\"more-link\">Read More<\/a><\/p>\n","protected":false},"author":1,"featured_media":0,"parent":0,"menu_order":0,"comment_status":"closed","ping_status":"closed","template":"template-blank-4.php","meta":{"footnotes":""},"class_list":["post-765","page","type-page","status-publish","hentry","no-post-thumbnail"],"_links":{"self":[{"href":"https:\/\/becomeanoptician.com\/fr\/wp-json\/wp\/v2\/pages\/765","targetHints":{"allow":["GET"]}}],"collection":[{"href":"https:\/\/becomeanoptician.com\/fr\/wp-json\/wp\/v2\/pages"}],"about":[{"href":"https:\/\/becomeanoptician.com\/fr\/wp-json\/wp\/v2\/types\/page"}],"author":[{"embeddable":true,"href":"https:\/\/becomeanoptician.com\/fr\/wp-json\/wp\/v2\/users\/1"}],"replies":[{"embeddable":true,"href":"https:\/\/becomeanoptician.com\/fr\/wp-json\/wp\/v2\/comments?post=765"}],"version-history":[{"count":4,"href":"https:\/\/becomeanoptician.com\/fr\/wp-json\/wp\/v2\/pages\/765\/revisions"}],"predecessor-version":[{"id":865,"href":"https:\/\/becomeanoptician.com\/fr\/wp-json\/wp\/v2\/pages\/765\/revisions\/865"}],"wp:attachment":[{"href":"https:\/\/becomeanoptician.com\/fr\/wp-json\/wp\/v2\/media?parent=765"}],"curies":[{"name":"wp","href":"https:\/\/api.w.org\/{rel}","templated":true}]}}