{"id":767,"date":"2023-06-13T18:33:15","date_gmt":"2023-06-13T18:33:15","guid":{"rendered":"https:\/\/becomeanoptician.com\/evaluer-ses-competences\/"},"modified":"2023-12-05T21:12:38","modified_gmt":"2023-12-05T21:12:38","slug":"evaluer-ses-competences","status":"publish","type":"page","link":"https:\/\/becomeanoptician.com\/fr\/evaluer-ses-competences\/","title":{"rendered":"\u00c9valuer ses comp\u00e9tences"},"content":{"rendered":"<div id=\"cs-content\" class=\"cs-content\"><\/div>\n","protected":false},"excerpt":{"rendered":"<p>\u00c9valuer ses comp\u00e9tences L&rsquo;AUTO-\u00c9VALUATION DES CONNAISSANCES Les tests d&rsquo;auto-\u00e9valuation des connaissances sont des tests \u00e0 choix multiples qui couvrent les domaines de connaissances que les opticiens du Canada sont cens\u00e9s conna\u00eetre sur la base des comp\u00e9tences nationales pour les opticiens canadiens. Il existe deux tests, l&rsquo;un pour les lunettes et l&rsquo;autre pour les lentilles de contact. Le test des lunettes &#8230; <a href=\"https:\/\/becomeanoptician.com\/fr\/evaluer-ses-competences\/\" class=\"more-link\">Read More<\/a><\/p>\n","protected":false},"author":1,"featured_media":0,"parent":0,"menu_order":0,"comment_status":"closed","ping_status":"closed","template":"template-blank-4.php","meta":{"footnotes":""},"class_list":["post-767","page","type-page","status-publish","hentry","no-post-thumbnail"],"_links":{"self":[{"href":"https:\/\/becomeanoptician.com\/fr\/wp-json\/wp\/v2\/pages\/767","targetHints":{"allow":["GET"]}}],"collection":[{"href":"https:\/\/becomeanoptician.com\/fr\/wp-json\/wp\/v2\/pages"}],"about":[{"href":"https:\/\/becomeanoptician.com\/fr\/wp-json\/wp\/v2\/types\/page"}],"author":[{"embeddable":true,"href":"https:\/\/becomeanoptician.com\/fr\/wp-json\/wp\/v2\/users\/1"}],"replies":[{"embeddable":true,"href":"https:\/\/becomeanoptician.com\/fr\/wp-json\/wp\/v2\/comments?post=767"}],"version-history":[{"count":4,"href":"https:\/\/becomeanoptician.com\/fr\/wp-json\/wp\/v2\/pages\/767\/revisions"}],"predecessor-version":[{"id":838,"href":"https:\/\/becomeanoptician.com\/fr\/wp-json\/wp\/v2\/pages\/767\/revisions\/838"}],"wp:attachment":[{"href":"https:\/\/becomeanoptician.com\/fr\/wp-json\/wp\/v2\/media?parent=767"}],"curies":[{"name":"wp","href":"https:\/\/api.w.org\/{rel}","templated":true}]}}