{"id":873,"date":"2024-02-28T14:05:39","date_gmt":"2024-02-28T14:05:39","guid":{"rendered":"https:\/\/becomeanoptician.com\/?page_id=873"},"modified":"2024-03-15T12:25:58","modified_gmt":"2024-03-15T12:25:58","slug":"aide-candidats-internationaux","status":"publish","type":"page","link":"https:\/\/becomeanoptician.com\/fr\/aide-candidats-internationaux\/","title":{"rendered":"Aide candidats internationaux"},"content":{"rendered":"<div id=\"cs-content\" class=\"cs-content\"><\/div>\n","protected":false},"excerpt":{"rendered":"<p>Devenez opticien au Canada Vous envisagez de d\u00e9marrer une carri\u00e8re enrichissante d\u2019opticien au Canada ?Que vous soyez nouvel arrivant ou que vous planifiez votre immigration, le r\u00f4le d&rsquo;opticien offre une fusion unique de science, de sant\u00e9, d&rsquo;affaires et de mode.Avec des parcours adapt\u00e9s \u00e0 votre exp\u00e9rience pr\u00e9alable, nous vous guidons \u00e0travers chaque \u00e9tape pour \u00e9tablir votre carri\u00e8re dans la province &#8230; <a href=\"https:\/\/becomeanoptician.com\/fr\/aide-candidats-internationaux\/\" class=\"more-link\">Read More<\/a><\/p>\n","protected":false},"author":2,"featured_media":0,"parent":0,"menu_order":0,"comment_status":"closed","ping_status":"closed","template":"template-blank-4.php","meta":{"footnotes":""},"class_list":["post-873","page","type-page","status-publish","hentry","no-post-thumbnail"],"_links":{"self":[{"href":"https:\/\/becomeanoptician.com\/fr\/wp-json\/wp\/v2\/pages\/873","targetHints":{"allow":["GET"]}}],"collection":[{"href":"https:\/\/becomeanoptician.com\/fr\/wp-json\/wp\/v2\/pages"}],"about":[{"href":"https:\/\/becomeanoptician.com\/fr\/wp-json\/wp\/v2\/types\/page"}],"author":[{"embeddable":true,"href":"https:\/\/becomeanoptician.com\/fr\/wp-json\/wp\/v2\/users\/2"}],"replies":[{"embeddable":true,"href":"https:\/\/becomeanoptician.com\/fr\/wp-json\/wp\/v2\/comments?post=873"}],"version-history":[{"count":5,"href":"https:\/\/becomeanoptician.com\/fr\/wp-json\/wp\/v2\/pages\/873\/revisions"}],"predecessor-version":[{"id":920,"href":"https:\/\/becomeanoptician.com\/fr\/wp-json\/wp\/v2\/pages\/873\/revisions\/920"}],"wp:attachment":[{"href":"https:\/\/becomeanoptician.com\/fr\/wp-json\/wp\/v2\/media?parent=873"}],"curies":[{"name":"wp","href":"https:\/\/api.w.org\/{rel}","templated":true}]}}