{"id":987,"date":"2025-01-28T16:21:25","date_gmt":"2025-01-28T16:21:25","guid":{"rendered":"https:\/\/becomeanoptician.com\/aide-aux-candidats-internationaux\/"},"modified":"2025-02-21T13:52:53","modified_gmt":"2025-02-21T13:52:53","slug":"aide-aux-candidats-internationaux","status":"publish","type":"page","link":"https:\/\/becomeanoptician.com\/fr\/eraf\/aide-aux-candidats-internationaux\/","title":{"rendered":"Guide de ressources"},"content":{"rendered":"<div id=\"cs-content\" class=\"cs-content\"><\/div>\n","protected":false},"excerpt":{"rendered":"<p>PLAR Resource Guide Bienvenue dans le guide de ressources sur l&rsquo;\u00e9valuation et la reconnaissance des acquis (ERA) destin\u00e9 aux futurs opticiens. Ce guide est con\u00e7u pour vous fournir toutes les informations n\u00e9cessaires pour mener \u00e0 bien la proc\u00e9dure de RA. Que vous soyez un opticien form\u00e9 \u00e0 l&rsquo;\u00e9tranger ou que vous ayez une grande exp\u00e9rience dans le domaine de l&rsquo;optique, &#8230; <a href=\"https:\/\/becomeanoptician.com\/fr\/eraf\/aide-aux-candidats-internationaux\/\" class=\"more-link\">Read More<\/a><\/p>\n","protected":false},"author":2,"featured_media":0,"parent":753,"menu_order":0,"comment_status":"closed","ping_status":"closed","template":"template-blank-4.php","meta":{"footnotes":""},"class_list":["post-987","page","type-page","status-publish","hentry","no-post-thumbnail"],"_links":{"self":[{"href":"https:\/\/becomeanoptician.com\/fr\/wp-json\/wp\/v2\/pages\/987","targetHints":{"allow":["GET"]}}],"collection":[{"href":"https:\/\/becomeanoptician.com\/fr\/wp-json\/wp\/v2\/pages"}],"about":[{"href":"https:\/\/becomeanoptician.com\/fr\/wp-json\/wp\/v2\/types\/page"}],"author":[{"embeddable":true,"href":"https:\/\/becomeanoptician.com\/fr\/wp-json\/wp\/v2\/users\/2"}],"replies":[{"embeddable":true,"href":"https:\/\/becomeanoptician.com\/fr\/wp-json\/wp\/v2\/comments?post=987"}],"version-history":[{"count":3,"href":"https:\/\/becomeanoptician.com\/fr\/wp-json\/wp\/v2\/pages\/987\/revisions"}],"predecessor-version":[{"id":999,"href":"https:\/\/becomeanoptician.com\/fr\/wp-json\/wp\/v2\/pages\/987\/revisions\/999"}],"up":[{"embeddable":true,"href":"https:\/\/becomeanoptician.com\/fr\/wp-json\/wp\/v2\/pages\/753"}],"wp:attachment":[{"href":"https:\/\/becomeanoptician.com\/fr\/wp-json\/wp\/v2\/media?parent=987"}],"curies":[{"name":"wp","href":"https:\/\/api.w.org\/{rel}","templated":true}]}}